{"id":502,"date":"2017-02-18T10:34:22","date_gmt":"2017-02-18T09:34:22","guid":{"rendered":"https:\/\/www.nardellipersiane.com\/azienda\/"},"modified":"2019-04-16T14:31:16","modified_gmt":"2019-04-16T12:31:16","slug":"unser-unternehemen","status":"publish","type":"page","link":"https:\/\/www.nardellipersiane.com\/de\/unser-unternehemen\/","title":{"rendered":"UNSER UNTERNEHMEN"},"content":{"rendered":"<div  id=\"section-03nit\" class=\"fullwidth-content ui--section clearfix ui--section-content-v-center section-03nit\" style=\"margin-top: -30px;\"><div  class=\"ui--section-content\" style=\"padding-bottom: 67%;\"><div class=\"container\"><div class=\"ui--image-wrap clearfix text-right ui--block\" style=\"margin-top: -170px;  margin-bottom: 100px;\"><img decoding=\"async\"  id=\"ui--image-1\" class=\"ui--image logo-tn-azienda ui--animation\" src=\"https:\/\/www.nardellipersiane.com\/wp-content\/uploads\/2017\/05\/logo-trentino-small-2.png\" alt=\"logo-trentino-small\" title=\"logo-trentino-small\" data-at2x=\"\"\/><\/div><\/div><\/div><\/div><!-- \/.fullwidth-container --><div  class=\"fullwidth-content ui--section clearfix\"><div  class=\"ui--section-content\"><div class=\"container\"><div class=\"ui-row row\">\n <div   class=\"ui-column span6\"><h1 id=\"custom-title-h1-1\" class=\"ui--animation font-light\" style=\"margin-bottom: 0px; \">DAS UNTERNEHMEN<\/h1><h2 id=\"custom-title-h2-1\" class=\"ui--animation \" style=\"margin-top: 0px; margin-bottom: 60px; \">UNSERE MISSION: QUALIT\u00c4T<\/h2><div class=\"auto-format ui--animation\"><p>Den Wert eines Unternehmens erkennt man an den Fr\u00fcchten, die es erntet \u2013 und zwar an deren Menge und Qualit\u00e4t gleicherma\u00dfen. Nardelli produziert seit mehr als 40 Jahren Holzfensterl\u00e4den und f\u00fchrt damit eine lange Tradition kompromissloser Qualit\u00e4t und Pr\u00e4zision fort. Nur bestes Material aus den Bergen des Trentino kommt in unsere Werkstatt und wird dort zu einem wahren Meisterwerk der Handwerkskunst und Technologie verarbeitet.<br \/>\nLeistung und Langlebigkeit unserer Produkte und die Zufriedenheit unserer Kunden bilden den Grundstein unserer Unternehmensphilosophie. Aus diesem Grund setzen wir bewusst auf kontinuierliche Spezialisierung \u2013 und wir sind \u00fcberzeugt, damit die richtige Wahl f\u00fcr die Produktion von Holzfensterl\u00e4den f\u00fcr Drittfirmen getroffen zu haben.<br \/>\nAls f\u00fchrendes Unternehmen unseres Sektors sind wir Ihr zuverl\u00e4ssiger Partner und garantieren seri\u00f6se Arbeit, Kompetenz, P\u00fcnktlichkeit und Qualit\u00e4t.<\/p>\n<\/div><div  class=\"ui--space clearfix\" style=\"height: 20px;\" data-responsive=\"{&quot;css&quot;:{&quot;height&quot;:{&quot;phone&quot;:null,&quot;tablet&quot;:null,&quot;widescreen&quot;:&quot;20px&quot;}}}\"><\/div><div class=\"ui--image-wrap clearfix\"><a href=\"https:\/\/www.nardellipersiane.com\/de\/\/de\/holz-fensterladen\/\" target=\"\"><img decoding=\"async\"  id=\"ui--image-2\" class=\"ui--image ui--animation\" src=\"https:\/\/www.nardellipersiane.com\/wp-content\/uploads\/2019\/04\/fensterla\u0308den-entdecken.png\" alt=\"fensterla\u0308den-entdecken\" title=\"fensterla\u0308den-entdecken\" data-at2x=\"\"\/><\/a><\/div><\/div> \n\n <div   class=\"ui-column span6\"><div class=\"ui-row row\">\n <div   class=\"ui-column span3\"><\/div> \n\n <div   class=\"ui-column span6\"><div class=\"ui--image-wrap clearfix text-center ui--block\"><img decoding=\"async\"  id=\"ui--image-3\" class=\"ui--image ui--animation\" src=\"https:\/\/www.nardellipersiane.com\/wp-content\/uploads\/2017\/03\/soldatino-azienda.jpg\" alt=\"\" title=\"\" data-at2x=\"\"\/><\/div><\/div> \n\n <div   class=\"ui-column span3\"><\/div> \n\n<\/div><\/div> \n\n<\/div> \n<\/div><\/div><\/div><!-- \/.fullwidth-container --><div  class=\"fullwidth-content ui--section clearfix\"><div  class=\"ui--section-content\"><div class=\"container\">\r\n\t\t\t<div class=\"gmap-wrapper ui--animation gmap-fullwidth fullwidth-content clearfix\" style=\"height: 400px;\">\r\n\t\t\t\t<div class=\"gmap-wrap-holder\" style=\"height: 400px;\"><\/div>\r\n\t\t\t\t<div id=\"gmap-oJZH\" class=\"gmap clearfix\" style=\"height: 400px;\" data-gmap-options=\"{&quot;zoom&quot;:12,&quot;maptype&quot;:&quot;ROADMAP&quot;,&quot;doubleclickzoom&quot;:true,&quot;scrollwheel&quot;:false,&quot;address&quot;:&quot;Via del Sales, 37 | 38123 Sopramonte (TN)&quot;,&quot;latitude&quot;:0,&quot;longitude&quot;:0,&quot;markers&quot;:[{&quot;html&quot;:&quot;&quot;,&quot;address&quot;:&quot;Via del Sales, 37 | 38123 Sopramonte (TN)&quot;,&quot;latitude&quot;:0,&quot;longitude&quot;:0,&quot;popup&quot;:false}],&quot;controls&quot;:false,&quot;stylers&quot;:[]}\"><\/div>\r\n\t\t\t\t\r\n\t\t\t<\/div>\r\n\t\t\t<\/div><\/div><\/div><!-- \/.fullwidth-container --><div  class=\"fullwidth-content ui--section clearfix\"><div  class=\"ui--section-content\"><div class=\"container\"><h2 id=\"custom-title-h2-2\" class=\"ui--animation \" style=\"text-align: center; margin-top: 30px; margin-bottom: 60px; \">ADRESSEN UND KONTAKTE<\/h2><div class=\"auto-format ui--animation\"><p><center><b>ADRESSEN UND KONTAKTE<\/b><\/br><\/br><br \/>\nVia del Sales, 37 &#8211; 38123 Sopramonte TN<\/br><br \/>\nT. +39 0461 866127 <\/br><br \/>\n<a href=\"mailto:export@nardellipersiane.com\">export@nardellipersiane.com<\/a><\/br><br \/>\n<\/br><br \/>\n<b>ADRESSEN UND KONTAKTE<\/b><\/br><br \/>\nStrada di Spin\u00e9da, Km 5.1 &#8211; 38123 Sopramonte TN<\/center><br \/>\n<\/br><\/p>\n<\/div><\/div><\/div><\/div><!-- \/.fullwidth-container --><div  class=\"fullwidth-content ui--section clearfix\"><div  class=\"ui--section-content\"><div class=\"container\"><div class=\"ui-row row\">\n <div   class=\"ui-column span3\"><\/div> \n\n <div   class=\"ui-column span6\"><div class=\"wpcf7 no-js\" id=\"wpcf7-f572-o1\" lang=\"it-IT\" dir=\"ltr\" data-wpcf7-id=\"572\">\n<div class=\"screen-reader-response\"><p role=\"status\" aria-live=\"polite\" aria-atomic=\"true\"><\/p> <ul><\/ul><\/div>\n<form action=\"\/de\/wp-json\/wp\/v2\/pages\/502#wpcf7-f572-o1\" method=\"post\" class=\"wpcf7-form init\" aria-label=\"Modulo di contatto\" novalidate=\"novalidate\" data-status=\"init\">\n<fieldset class=\"hidden-fields-container\"><input type=\"hidden\" name=\"_wpcf7\" value=\"572\" \/><input type=\"hidden\" name=\"_wpcf7_version\" value=\"6.1.3\" \/><input type=\"hidden\" name=\"_wpcf7_locale\" value=\"it_IT\" \/><input type=\"hidden\" name=\"_wpcf7_unit_tag\" value=\"wpcf7-f572-o1\" \/><input type=\"hidden\" name=\"_wpcf7_container_post\" value=\"0\" \/><input type=\"hidden\" name=\"_wpcf7_posted_data_hash\" value=\"\" \/>\n<\/fieldset>\n<div id=\"contact-form\">\n\t<h4 class=\"header-contact\">INFORMATIONEN ANFORDERN\n\t<\/h4>\n\t<div class=\"contact-name\">\n\t\t<p><span class=\"wpcf7-form-control-wrap\" data-name=\"nome\"><input size=\"40\" maxlength=\"400\" class=\"wpcf7-form-control wpcf7-text wpcf7-validates-as-required\" aria-required=\"true\" aria-invalid=\"false\" placeholder=\"VOR-&amp; NACHNAME\" value=\"\" type=\"text\" name=\"nome\" \/><\/span>\n\t\t<\/p>\n\t<\/div>\n\t<div class=\"contact-firm\">\n\t\t<p><span class=\"wpcf7-form-control-wrap\" data-name=\"azienda\"><input size=\"40\" maxlength=\"400\" class=\"wpcf7-form-control wpcf7-text wpcf7-validates-as-required\" aria-required=\"true\" aria-invalid=\"false\" placeholder=\"FIRMA\" value=\"\" type=\"text\" name=\"azienda\" \/><\/span>\n\t\t<\/p>\n\t<\/div>\n\t<div class=\"contact-provincia\">\n\t\t<p><span class=\"wpcf7-form-control-wrap\" data-name=\"provincia\"><input size=\"40\" maxlength=\"400\" class=\"wpcf7-form-control wpcf7-text wpcf7-validates-as-required\" aria-required=\"true\" aria-invalid=\"false\" placeholder=\"PROVINZ\" value=\"\" type=\"text\" name=\"provincia\" \/><\/span>\n\t\t<\/p>\n\t<\/div>\n\t<div class=\"contact-email\">\n\t\t<p><span class=\"wpcf7-form-control-wrap\" data-name=\"your-email\"><input size=\"40\" maxlength=\"400\" class=\"wpcf7-form-control wpcf7-email wpcf7-validates-as-required wpcf7-text wpcf7-validates-as-email\" aria-required=\"true\" aria-invalid=\"false\" placeholder=\"EMAIL\" value=\"\" type=\"email\" name=\"your-email\" \/><\/span>\n\t\t<\/p>\n\t<\/div>\n\t<div class=\"contact-telefono\">\n\t\t<p><span class=\"wpcf7-form-control-wrap\" data-name=\"telefono\"><input size=\"40\" maxlength=\"400\" class=\"wpcf7-form-control wpcf7-tel wpcf7-validates-as-required wpcf7-text wpcf7-validates-as-tel\" aria-required=\"true\" aria-invalid=\"false\" placeholder=\"TELEFON\" value=\"\" type=\"tel\" name=\"telefono\" \/><\/span>\n\t\t<\/p>\n\t<\/div>\n\t<div class=\"contact-messaggio\">\n\t\t<p><span class=\"wpcf7-form-control-wrap\" data-name=\"messaggio\"><textarea cols=\"40\" rows=\"10\" maxlength=\"2000\" class=\"wpcf7-form-control wpcf7-textarea\" aria-invalid=\"false\" placeholder=\"NACHRICHT\" name=\"messaggio\"><\/textarea><\/span>\n\t\t<\/p>\n\t<\/div>\n\t<div class=\"contact-send\">\n\t\t<p><input class=\"wpcf7-form-control wpcf7-submit has-spinner\" type=\"submit\" value=\"Anfrage senden\" \/>\n\t\t<\/p>\n\t<\/div>\n<\/div><div class=\"wpcf7-response-output\" aria-hidden=\"true\"><\/div>\n<\/form>\n<\/div><\/div> \n\n <div   class=\"ui-column span3\"><\/div> \n\n<\/div> \n<\/div><\/div><\/div><!-- \/.fullwidth-container -->","protected":false},"excerpt":{"rendered":"<p>DAS UNTERNEHMENUNSERE MISSION: QUALIT\u00c4TDen Wert eines Unternehmens erkennt man an den Fr\u00fcchten, die es erntet \u2013 und zwar an deren Menge und Qualit\u00e4t gleicherma\u00dfen. Nardelli produziert seit mehr als 40 Jahren Holzfensterl\u00e4den und f\u00fchrt damit eine lange Tradition kompromissloser Qualit\u00e4t und Pr\u00e4zision fort. Nur bestes Material aus den Bergen des Trentino kommt in unsere Werkstatt [&hellip;]<\/p>\n","protected":false},"author":1,"featured_media":0,"parent":0,"menu_order":0,"comment_status":"closed","ping_status":"closed","template":"","meta":{"_monsterinsights_skip_tracking":false,"_monsterinsights_sitenote_active":false,"_monsterinsights_sitenote_note":"","_monsterinsights_sitenote_category":0,"footnotes":""},"class_list":["post-502","page","type-page","status-publish","hentry"],"yoast_head":"<!-- This site is optimized with the Yoast SEO plugin v26.2 - https:\/\/yoast.com\/wordpress\/plugins\/seo\/ -->\n<title>NARDELLI | Ihr Partner in Sachen Holzfensterl\u00e4den f\u00fcr Drittfirmen<\/title>\n<meta name=\"description\" content=\"Nardelli fertigt seit mehr als 40 Jahren Holzfensterl\u00e4den f\u00fcr Drittfirmen. Trientner Tradition und italienische Technologie: Wir sind Ihr zuverl\u00e4ssiger Partner mit jahrzehntelanger Erfahrung.\" \/>\n<meta name=\"robots\" content=\"index, follow, max-snippet:-1, max-image-preview:large, max-video-preview:-1\" \/>\n<link rel=\"canonical\" href=\"https:\/\/www.nardellipersiane.com\/azienda\/\" \/>\n<meta property=\"og:locale\" content=\"de_DE\" \/>\n<meta property=\"og:type\" content=\"article\" \/>\n<meta property=\"og:title\" content=\"NARDELLI | Ihr Partner in Sachen Holzfensterl\u00e4den f\u00fcr Drittfirmen\" \/>\n<meta property=\"og:description\" content=\"Nardelli fertigt seit mehr als 40 Jahren Holzfensterl\u00e4den f\u00fcr Drittfirmen. Trientner Tradition und italienische Technologie: Wir sind Ihr zuverl\u00e4ssiger Partner mit jahrzehntelanger Erfahrung.\" \/>\n<meta property=\"og:url\" content=\"https:\/\/www.nardellipersiane.com\/azienda\/\" \/>\n<meta property=\"og:site_name\" content=\"Nardelli\" \/>\n<meta property=\"article:modified_time\" content=\"2019-04-16T12:31:16+00:00\" \/>\n<meta name=\"twitter:card\" content=\"summary_large_image\" \/>\n<script type=\"application\/ld+json\" class=\"yoast-schema-graph\">{\"@context\":\"https:\/\/schema.org\",\"@graph\":[{\"@type\":\"WebPage\",\"@id\":\"https:\/\/www.nardellipersiane.com\/azienda\/\",\"url\":\"https:\/\/www.nardellipersiane.com\/azienda\/\",\"name\":\"NARDELLI | Ihr Partner in Sachen Holzfensterl\u00e4den f\u00fcr Drittfirmen\",\"isPartOf\":{\"@id\":\"https:\/\/www.nardellipersiane.com\/#website\"},\"datePublished\":\"2017-02-18T09:34:22+00:00\",\"dateModified\":\"2019-04-16T12:31:16+00:00\",\"description\":\"Nardelli fertigt seit mehr als 40 Jahren Holzfensterl\u00e4den f\u00fcr Drittfirmen. Trientner Tradition und italienische Technologie: Wir sind Ihr zuverl\u00e4ssiger Partner mit jahrzehntelanger Erfahrung.\",\"breadcrumb\":{\"@id\":\"https:\/\/www.nardellipersiane.com\/azienda\/#breadcrumb\"},\"inLanguage\":\"de\",\"potentialAction\":[{\"@type\":\"ReadAction\",\"target\":[\"https:\/\/www.nardellipersiane.com\/azienda\/\"]}]},{\"@type\":\"BreadcrumbList\",\"@id\":\"https:\/\/www.nardellipersiane.com\/azienda\/#breadcrumb\",\"itemListElement\":[{\"@type\":\"ListItem\",\"position\":1,\"name\":\"Home\",\"item\":\"https:\/\/www.nardellipersiane.com\/de\/\"},{\"@type\":\"ListItem\",\"position\":2,\"name\":\"UNSER UNTERNEHMEN\"}]},{\"@type\":\"WebSite\",\"@id\":\"https:\/\/www.nardellipersiane.com\/#website\",\"url\":\"https:\/\/www.nardellipersiane.com\/\",\"name\":\"Nardelli\",\"description\":\"LO SCURO NARDELLI. VALOROSO CON BATTENTE.\",\"publisher\":{\"@id\":\"https:\/\/www.nardellipersiane.com\/#organization\"},\"potentialAction\":[{\"@type\":\"SearchAction\",\"target\":{\"@type\":\"EntryPoint\",\"urlTemplate\":\"https:\/\/www.nardellipersiane.com\/?s={search_term_string}\"},\"query-input\":{\"@type\":\"PropertyValueSpecification\",\"valueRequired\":true,\"valueName\":\"search_term_string\"}}],\"inLanguage\":\"de\"},{\"@type\":\"Organization\",\"@id\":\"https:\/\/www.nardellipersiane.com\/#organization\",\"name\":\"NARDELLI\",\"url\":\"https:\/\/www.nardellipersiane.com\/\",\"logo\":{\"@type\":\"ImageObject\",\"inLanguage\":\"de\",\"@id\":\"https:\/\/www.nardellipersiane.com\/#\/schema\/logo\/image\/\",\"url\":\"https:\/\/www.nardellipersiane.com\/wp-content\/uploads\/2017\/07\/LOGO-NARDELLI.jpg\",\"contentUrl\":\"https:\/\/www.nardellipersiane.com\/wp-content\/uploads\/2017\/07\/LOGO-NARDELLI.jpg\",\"width\":5906,\"height\":2139,\"caption\":\"NARDELLI\"},\"image\":{\"@id\":\"https:\/\/www.nardellipersiane.com\/#\/schema\/logo\/image\/\"}}]}<\/script>\n<!-- \/ Yoast SEO plugin. -->","yoast_head_json":{"title":"NARDELLI | Ihr Partner in Sachen Holzfensterl\u00e4den f\u00fcr Drittfirmen","description":"Nardelli fertigt seit mehr als 40 Jahren Holzfensterl\u00e4den f\u00fcr Drittfirmen. Trientner Tradition und italienische Technologie: Wir sind Ihr zuverl\u00e4ssiger Partner mit jahrzehntelanger Erfahrung.","robots":{"index":"index","follow":"follow","max-snippet":"max-snippet:-1","max-image-preview":"max-image-preview:large","max-video-preview":"max-video-preview:-1"},"canonical":"https:\/\/www.nardellipersiane.com\/azienda\/","og_locale":"de_DE","og_type":"article","og_title":"NARDELLI | Ihr Partner in Sachen Holzfensterl\u00e4den f\u00fcr Drittfirmen","og_description":"Nardelli fertigt seit mehr als 40 Jahren Holzfensterl\u00e4den f\u00fcr Drittfirmen. Trientner Tradition und italienische Technologie: Wir sind Ihr zuverl\u00e4ssiger Partner mit jahrzehntelanger Erfahrung.","og_url":"https:\/\/www.nardellipersiane.com\/azienda\/","og_site_name":"Nardelli","article_modified_time":"2019-04-16T12:31:16+00:00","twitter_card":"summary_large_image","schema":{"@context":"https:\/\/schema.org","@graph":[{"@type":"WebPage","@id":"https:\/\/www.nardellipersiane.com\/azienda\/","url":"https:\/\/www.nardellipersiane.com\/azienda\/","name":"NARDELLI | Ihr Partner in Sachen Holzfensterl\u00e4den f\u00fcr Drittfirmen","isPartOf":{"@id":"https:\/\/www.nardellipersiane.com\/#website"},"datePublished":"2017-02-18T09:34:22+00:00","dateModified":"2019-04-16T12:31:16+00:00","description":"Nardelli fertigt seit mehr als 40 Jahren Holzfensterl\u00e4den f\u00fcr Drittfirmen. Trientner Tradition und italienische Technologie: Wir sind Ihr zuverl\u00e4ssiger Partner mit jahrzehntelanger Erfahrung.","breadcrumb":{"@id":"https:\/\/www.nardellipersiane.com\/azienda\/#breadcrumb"},"inLanguage":"de","potentialAction":[{"@type":"ReadAction","target":["https:\/\/www.nardellipersiane.com\/azienda\/"]}]},{"@type":"BreadcrumbList","@id":"https:\/\/www.nardellipersiane.com\/azienda\/#breadcrumb","itemListElement":[{"@type":"ListItem","position":1,"name":"Home","item":"https:\/\/www.nardellipersiane.com\/de\/"},{"@type":"ListItem","position":2,"name":"UNSER UNTERNEHMEN"}]},{"@type":"WebSite","@id":"https:\/\/www.nardellipersiane.com\/#website","url":"https:\/\/www.nardellipersiane.com\/","name":"Nardelli","description":"LO SCURO NARDELLI. VALOROSO CON BATTENTE.","publisher":{"@id":"https:\/\/www.nardellipersiane.com\/#organization"},"potentialAction":[{"@type":"SearchAction","target":{"@type":"EntryPoint","urlTemplate":"https:\/\/www.nardellipersiane.com\/?s={search_term_string}"},"query-input":{"@type":"PropertyValueSpecification","valueRequired":true,"valueName":"search_term_string"}}],"inLanguage":"de"},{"@type":"Organization","@id":"https:\/\/www.nardellipersiane.com\/#organization","name":"NARDELLI","url":"https:\/\/www.nardellipersiane.com\/","logo":{"@type":"ImageObject","inLanguage":"de","@id":"https:\/\/www.nardellipersiane.com\/#\/schema\/logo\/image\/","url":"https:\/\/www.nardellipersiane.com\/wp-content\/uploads\/2017\/07\/LOGO-NARDELLI.jpg","contentUrl":"https:\/\/www.nardellipersiane.com\/wp-content\/uploads\/2017\/07\/LOGO-NARDELLI.jpg","width":5906,"height":2139,"caption":"NARDELLI"},"image":{"@id":"https:\/\/www.nardellipersiane.com\/#\/schema\/logo\/image\/"}}]}},"_links":{"self":[{"href":"https:\/\/www.nardellipersiane.com\/de\/wp-json\/wp\/v2\/pages\/502","targetHints":{"allow":["GET"]}}],"collection":[{"href":"https:\/\/www.nardellipersiane.com\/de\/wp-json\/wp\/v2\/pages"}],"about":[{"href":"https:\/\/www.nardellipersiane.com\/de\/wp-json\/wp\/v2\/types\/page"}],"author":[{"embeddable":true,"href":"https:\/\/www.nardellipersiane.com\/de\/wp-json\/wp\/v2\/users\/1"}],"replies":[{"embeddable":true,"href":"https:\/\/www.nardellipersiane.com\/de\/wp-json\/wp\/v2\/comments?post=502"}],"version-history":[{"count":7,"href":"https:\/\/www.nardellipersiane.com\/de\/wp-json\/wp\/v2\/pages\/502\/revisions"}],"predecessor-version":[{"id":946,"href":"https:\/\/www.nardellipersiane.com\/de\/wp-json\/wp\/v2\/pages\/502\/revisions\/946"}],"wp:attachment":[{"href":"https:\/\/www.nardellipersiane.com\/de\/wp-json\/wp\/v2\/media?parent=502"}],"curies":[{"name":"wp","href":"https:\/\/api.w.org\/{rel}","templated":true}]}}