{"id":513,"date":"2017-02-18T10:34:35","date_gmt":"2017-02-18T09:34:35","guid":{"rendered":"https:\/\/www.nardellipersiane.com\/processo-produttivo\/"},"modified":"2019-04-14T22:57:41","modified_gmt":"2019-04-14T20:57:41","slug":"verarbeitung","status":"publish","type":"page","link":"https:\/\/www.nardellipersiane.com\/de\/verarbeitung\/","title":{"rendered":"VERARBEITUNG"},"content":{"rendered":"<div  id=\"section-8st45\" class=\"fullwidth-content ui--section clearfix ui--section-content-v-center section-8st45\" style=\"margin-top: -30px;\"><div  class=\"ui--section-content\" style=\"padding-bottom: 67%;\"><div class=\"container\"><div class=\"ui--image-wrap clearfix text-right ui--block\" style=\"margin-top: -170px;  margin-bottom: 100px;\"><img decoding=\"async\"  id=\"ui--image-1\" class=\"ui--image logo-tn ui--animation\" src=\"https:\/\/www.nardellipersiane.com\/wp-content\/uploads\/2017\/05\/logo-trentino-small-2.png\" alt=\"logo-trentino-small\" title=\"logo-trentino-small\" data-at2x=\"\"\/><\/div><\/div><\/div><\/div><!-- \/.fullwidth-container --><div  class=\"fullwidth-content ui--section clearfix\"><div  class=\"ui--section-content\"><div class=\"container\"><div class=\"ui-row row\">\n <div   class=\"ui-column span6\"><h1 id=\"custom-title-h1-1\" class=\"ui--animation font-light\" style=\"margin-bottom: 0px; \">PRODUKTION<\/h1><h2 id=\"custom-title-h2-1\" class=\"ui--animation \" style=\"margin-top: 0px; margin-bottom: 60px; \">FACHGERECHTE HANDWERKLICHE HERSTELLUNG<\/h2><div class=\"auto-format ui--animation\"><p>Der Verarbeitungsprozess ist grundlegend f\u00fcr hochwertige Ergebnisse und absolute Perfektion.<br \/>\nPHASE EINS: VERARBEITUNG DES HOLZES<br \/>\nUm maximale Pr\u00e4zision und Leistung zu gew\u00e4hrleisten, werden die Profile unserer Fensterl\u00e4den mit rechnergesteuerten Maschinen zugeschnitten.<\/p>\n<p><strong>PHASE ZWEI: BEIZUNG<\/strong><br \/>\nDank der perfekten Verarbeitung des Holzes erreicht die Impr\u00e4gnierung bei der Beizung auch die am schwersten zug\u00e4nglichen Teile des Fensterladens. Die abgerundeten Kanten sorgen f\u00fcr eine unterbrechungsfreie Beschichtung und erm\u00f6glichen damit ein dauerhaft ausgezeichnetes Ergebnis.<\/p>\n<p><strong>PHASE DREI: R\u00dcCKVERFOLGBARKEIT<\/strong><br \/>\nJedes Element ist mit einem RFID-Chip versehen, damit die technischen Informationen zur Produktion jederzeit abgerufen werden k\u00f6nnen.<\/p>\n<\/div><div  class=\"ui--space clearfix\" style=\"height: 25px;\" data-responsive=\"{&quot;css&quot;:{&quot;height&quot;:{&quot;phone&quot;:null,&quot;tablet&quot;:null,&quot;widescreen&quot;:&quot;25px&quot;}}}\"><\/div><div class=\"ui--image-wrap clearfix text-left ui--block\"><a href=\"https:\/\/www.nardellipersiane.com\/de\/persiane-in-legno\/\" target=\"\"><img decoding=\"async\"  id=\"ui--image-2\" class=\"ui--image ui--animation\" src=\"https:\/\/www.nardellipersiane.com\/wp-content\/uploads\/2019\/04\/fensterla\u0308den-entdecken.png\" alt=\"fensterla\u0308den-entdecken\" title=\"fensterla\u0308den-entdecken\" data-at2x=\"\"\/><\/a><\/div><\/div> \n\n <div   class=\"ui-column span6\"><div class=\"ui-row row\">\n <div   class=\"ui-column span3\"><\/div> \n\n <div   class=\"ui-column span6\"><div class=\"ui--image-wrap clearfix text-center ui--block\"><img decoding=\"async\"  id=\"ui--image-3\" class=\"ui--image ui--animation\" src=\"https:\/\/www.nardellipersiane.com\/wp-content\/uploads\/2017\/03\/soldatino-processo.jpg\" alt=\"\" title=\"\" data-at2x=\"\"\/><\/div><\/div> \n\n <div   class=\"ui-column span3\"><\/div> \n\n<\/div><\/div> \n\n<\/div> \n<\/div><\/div><\/div><!-- \/.fullwidth-container --><div  id=\"section-fh93d\" class=\"fullwidth-content ui--section clearfix section-fh93d\" style=\"margin-top: 40px;  margin-bottom: 60px;\"><div  class=\"ui--section-content\" style=\"padding-bottom: 67%;\"><div class=\"container\"><\/div><\/div><\/div><!-- \/.fullwidth-container --><div  class=\"fullwidth-content ui--section clearfix\"><div  class=\"ui--section-content\"><div class=\"container\"><div class=\"ui-row row\">\n <div   class=\"ui-column span6\"><div class=\"ui-row row\">\n <div   class=\"ui-column span3\"><\/div> \n\n <div   class=\"ui-column span6\"><div class=\"ui--image-wrap clearfix text-center ui--block\"><img decoding=\"async\"  id=\"ui--image-4\" class=\"ui--image ui--animation\" src=\"https:\/\/www.nardellipersiane.com\/wp-content\/uploads\/2017\/03\/soldatino-middle-processo.jpg\" alt=\"\" title=\"\" data-at2x=\"\"\/><\/div><\/div> \n\n <div   class=\"ui-column span3\"><\/div> \n\n<\/div><\/div> \n\n <div   class=\"ui-column span6\"><h1 id=\"custom-title-h1-2\" class=\"ui--animation font-light\" style=\"margin-bottom: 0px; \">HOLZ<\/h1><h2 id=\"custom-title-h2-2\" class=\"ui--animation \" style=\"margin-top: 0px; margin-bottom: 60px; \">EIN GESCHENK DER NATUR<\/h2><div class=\"auto-format ui--animation\"><p>Holz ist das Grundelement unserer gesamten Arbeit.<br \/>\nTanne, Kiefer, Kastanie, Fichte, Meranti-, L\u00e4rchen- und Eichenschichtholz: Hochwertige H\u00f6lzer, die in eigenen \u00d6fen k\u00fcnstlich getrocknet werden. Durch die automatisierte maschinelle Selektion werden M\u00e4ngel wie Knoten, Harzeinlagerungen oder Unsch\u00f6nheiten restlos beseitigt \u2013 denn f\u00fcr unsere Fensterl\u00e4den verwenden wir ausschlie\u00dflich bestes Rohmaterial.<br \/>\nJedes Element ist mit einem RFID-Chip versehen, der die R\u00fcckverfolgung der Verarbeitung und den Einsatz des fertigen Produkts erm\u00f6glicht.<\/p>\n<\/div><\/div> \n\n<\/div> \n<\/div><\/div><\/div><!-- \/.fullwidth-container --><div  id=\"section-426tf\" class=\"fullwidth-content ui--section clearfix section-426tf\"><div  class=\"ui--section-content\" style=\"padding-top: 600px;\"><div class=\"container\"><div class=\"ui-row row\">\n <div   class=\"ui-column span2\"><\/div> \n\n <div   class=\"ui-column span8\"><div class=\"home-azienda\"><div  class=\"ui--space clearfix\" style=\"height: 40px;\" data-responsive=\"{&quot;css&quot;:{&quot;height&quot;:{&quot;phone&quot;:&quot;40px&quot;,&quot;tablet&quot;:&quot;40px&quot;,&quot;widescreen&quot;:&quot;40px&quot;}}}\"><\/div><div class=\"ui-row row\">\n <div   class=\"ui-column span6\"><h1 id=\"custom-title-h1-3\" class=\"ui--animation font-light\" style=\"margin-bottom: 0px; \">SPITZENTECHNOLOGIE <\/h1><h2 id=\"custom-title-h2-3\" class=\"ui--animation \" style=\"margin-top: 0px; margin-bottom: 60px; \">TOP-PR\u00c4ZISION<\/h2><div class=\"auto-format ui--animation\"><p>Unsere Holzfensterl\u00e4den sind mit RFID-Technologie ausgestattet, damit jedes Element vollst\u00e4ndig zur\u00fcckverfolgt werden kann. Auf diese Weise sind alle technischen Daten bei Verarbeitung und Einsatz des fertigen Produktes jederzeit abrufbar. <\/p>\n<\/div><\/div> \n\n <div   class=\"ui-column span6\"><div class=\"ui--image-wrap clearfix\"><img decoding=\"async\"  id=\"ui--image-5\" class=\"ui--image ui--animation\" src=\"https:\/\/www.nardellipersiane.com\/wp-content\/uploads\/2017\/03\/processo-bottom.png\" alt=\"\" title=\"\" data-at2x=\"\"\/><\/div><\/div> \n\n<\/div> \n<div  class=\"ui--space clearfix\" style=\"height: 50px;\" data-responsive=\"{&quot;css&quot;:{&quot;height&quot;:{&quot;phone&quot;:null,&quot;tablet&quot;:null,&quot;widescreen&quot;:&quot;50px&quot;}}}\"><\/div><div class=\"ui--video-wrapper clearfix\"><div class=\"ui--video ui--video-16-9\" style=\"padding-bottom: 56.25%;\"><iframe loading=\"lazy\" title=\"Nardelli Persiane in legno - Presentazione aziendale\" width=\"960\" height=\"540\" src=\"https:\/\/www.youtube.com\/embed\/qiTeaf2GEfc?wmode=transparent&amp;vq=hd1080&amp;rel=0&amp;showinfo=0&amp;iframe=1&amp;fs=1&amp;modestbranding=0&amp;autoplay=0&amp;theme=dark&feature=oembed\" frameborder=\"0\" allow=\"accelerometer; autoplay; clipboard-write; encrypted-media; gyroscope; picture-in-picture; web-share\" referrerpolicy=\"strict-origin-when-cross-origin\" allowfullscreen><\/iframe><\/div><\/div><div  class=\"ui--space clearfix\" style=\"height: 80px;\" data-responsive=\"{&quot;css&quot;:{&quot;height&quot;:{&quot;phone&quot;:&quot;80px&quot;,&quot;tablet&quot;:&quot;80px&quot;,&quot;widescreen&quot;:&quot;80px&quot;}}}\"><\/div><\/div><\/div> \n\n <div   class=\"ui-column span2\"><\/div> \n\n<\/div> \n<\/div><\/div><\/div><!-- \/.fullwidth-container -->","protected":false},"excerpt":{"rendered":"<p>PRODUKTIONFACHGERECHTE HANDWERKLICHE HERSTELLUNGDer Verarbeitungsprozess ist grundlegend f\u00fcr hochwertige Ergebnisse und absolute Perfektion. PHASE EINS: VERARBEITUNG DES HOLZES Um maximale Pr\u00e4zision und Leistung zu gew\u00e4hrleisten, werden die Profile unserer Fensterl\u00e4den mit rechnergesteuerten Maschinen zugeschnitten. PHASE ZWEI: BEIZUNG Dank der perfekten Verarbeitung des Holzes erreicht die Impr\u00e4gnierung bei der Beizung auch die am schwersten zug\u00e4nglichen Teile des [&hellip;]<\/p>\n","protected":false},"author":1,"featured_media":0,"parent":0,"menu_order":0,"comment_status":"closed","ping_status":"closed","template":"","meta":{"_monsterinsights_skip_tracking":false,"_monsterinsights_sitenote_active":false,"_monsterinsights_sitenote_note":"","_monsterinsights_sitenote_category":0,"footnotes":""},"class_list":["post-513","page","type-page","status-publish","hentry"],"yoast_head":"<!-- This site is optimized with the Yoast SEO plugin v26.2 - https:\/\/yoast.com\/wordpress\/plugins\/seo\/ -->\n<title>NARDELLI | Fensterl\u00e4den aus Trientner Holz<\/title>\n<meta name=\"description\" content=\"Wie entsteht der perfekte Holzfensterladen? Nardelli baut auf drei Grundwerte: Kompetenz, Natur und Technologie. So wird Handwerk zur Kunst!\" \/>\n<meta name=\"robots\" content=\"index, follow, max-snippet:-1, max-image-preview:large, max-video-preview:-1\" \/>\n<link rel=\"canonical\" href=\"https:\/\/www.nardellipersiane.com\/processo-produttivo\/\" \/>\n<meta property=\"og:locale\" content=\"de_DE\" \/>\n<meta property=\"og:type\" content=\"article\" \/>\n<meta property=\"og:title\" content=\"NARDELLI | Fensterl\u00e4den aus Trientner Holz\" \/>\n<meta property=\"og:description\" content=\"Wie entsteht der perfekte Holzfensterladen? Nardelli baut auf drei Grundwerte: Kompetenz, Natur und Technologie. So wird Handwerk zur Kunst!\" \/>\n<meta property=\"og:url\" content=\"https:\/\/www.nardellipersiane.com\/processo-produttivo\/\" \/>\n<meta property=\"og:site_name\" content=\"Nardelli\" \/>\n<meta property=\"article:modified_time\" content=\"2019-04-14T20:57:41+00:00\" \/>\n<meta name=\"twitter:card\" content=\"summary_large_image\" \/>\n<script type=\"application\/ld+json\" class=\"yoast-schema-graph\">{\"@context\":\"https:\/\/schema.org\",\"@graph\":[{\"@type\":\"WebPage\",\"@id\":\"https:\/\/www.nardellipersiane.com\/processo-produttivo\/\",\"url\":\"https:\/\/www.nardellipersiane.com\/processo-produttivo\/\",\"name\":\"NARDELLI | Fensterl\u00e4den aus Trientner Holz\",\"isPartOf\":{\"@id\":\"https:\/\/www.nardellipersiane.com\/#website\"},\"datePublished\":\"2017-02-18T09:34:35+00:00\",\"dateModified\":\"2019-04-14T20:57:41+00:00\",\"description\":\"Wie entsteht der perfekte Holzfensterladen? Nardelli baut auf drei Grundwerte: Kompetenz, Natur und Technologie. So wird Handwerk zur Kunst!\",\"breadcrumb\":{\"@id\":\"https:\/\/www.nardellipersiane.com\/processo-produttivo\/#breadcrumb\"},\"inLanguage\":\"de\",\"potentialAction\":[{\"@type\":\"ReadAction\",\"target\":[\"https:\/\/www.nardellipersiane.com\/processo-produttivo\/\"]}]},{\"@type\":\"BreadcrumbList\",\"@id\":\"https:\/\/www.nardellipersiane.com\/processo-produttivo\/#breadcrumb\",\"itemListElement\":[{\"@type\":\"ListItem\",\"position\":1,\"name\":\"Home\",\"item\":\"https:\/\/www.nardellipersiane.com\/de\/\"},{\"@type\":\"ListItem\",\"position\":2,\"name\":\"VERARBEITUNG\"}]},{\"@type\":\"WebSite\",\"@id\":\"https:\/\/www.nardellipersiane.com\/#website\",\"url\":\"https:\/\/www.nardellipersiane.com\/\",\"name\":\"Nardelli\",\"description\":\"LO SCURO NARDELLI. VALOROSO CON BATTENTE.\",\"publisher\":{\"@id\":\"https:\/\/www.nardellipersiane.com\/#organization\"},\"potentialAction\":[{\"@type\":\"SearchAction\",\"target\":{\"@type\":\"EntryPoint\",\"urlTemplate\":\"https:\/\/www.nardellipersiane.com\/?s={search_term_string}\"},\"query-input\":{\"@type\":\"PropertyValueSpecification\",\"valueRequired\":true,\"valueName\":\"search_term_string\"}}],\"inLanguage\":\"de\"},{\"@type\":\"Organization\",\"@id\":\"https:\/\/www.nardellipersiane.com\/#organization\",\"name\":\"NARDELLI\",\"url\":\"https:\/\/www.nardellipersiane.com\/\",\"logo\":{\"@type\":\"ImageObject\",\"inLanguage\":\"de\",\"@id\":\"https:\/\/www.nardellipersiane.com\/#\/schema\/logo\/image\/\",\"url\":\"https:\/\/www.nardellipersiane.com\/wp-content\/uploads\/2017\/07\/LOGO-NARDELLI.jpg\",\"contentUrl\":\"https:\/\/www.nardellipersiane.com\/wp-content\/uploads\/2017\/07\/LOGO-NARDELLI.jpg\",\"width\":5906,\"height\":2139,\"caption\":\"NARDELLI\"},\"image\":{\"@id\":\"https:\/\/www.nardellipersiane.com\/#\/schema\/logo\/image\/\"}}]}<\/script>\n<!-- \/ Yoast SEO plugin. -->","yoast_head_json":{"title":"NARDELLI | Fensterl\u00e4den aus Trientner Holz","description":"Wie entsteht der perfekte Holzfensterladen? Nardelli baut auf drei Grundwerte: Kompetenz, Natur und Technologie. So wird Handwerk zur Kunst!","robots":{"index":"index","follow":"follow","max-snippet":"max-snippet:-1","max-image-preview":"max-image-preview:large","max-video-preview":"max-video-preview:-1"},"canonical":"https:\/\/www.nardellipersiane.com\/processo-produttivo\/","og_locale":"de_DE","og_type":"article","og_title":"NARDELLI | Fensterl\u00e4den aus Trientner Holz","og_description":"Wie entsteht der perfekte Holzfensterladen? Nardelli baut auf drei Grundwerte: Kompetenz, Natur und Technologie. So wird Handwerk zur Kunst!","og_url":"https:\/\/www.nardellipersiane.com\/processo-produttivo\/","og_site_name":"Nardelli","article_modified_time":"2019-04-14T20:57:41+00:00","twitter_card":"summary_large_image","schema":{"@context":"https:\/\/schema.org","@graph":[{"@type":"WebPage","@id":"https:\/\/www.nardellipersiane.com\/processo-produttivo\/","url":"https:\/\/www.nardellipersiane.com\/processo-produttivo\/","name":"NARDELLI | Fensterl\u00e4den aus Trientner Holz","isPartOf":{"@id":"https:\/\/www.nardellipersiane.com\/#website"},"datePublished":"2017-02-18T09:34:35+00:00","dateModified":"2019-04-14T20:57:41+00:00","description":"Wie entsteht der perfekte Holzfensterladen? Nardelli baut auf drei Grundwerte: Kompetenz, Natur und Technologie. So wird Handwerk zur Kunst!","breadcrumb":{"@id":"https:\/\/www.nardellipersiane.com\/processo-produttivo\/#breadcrumb"},"inLanguage":"de","potentialAction":[{"@type":"ReadAction","target":["https:\/\/www.nardellipersiane.com\/processo-produttivo\/"]}]},{"@type":"BreadcrumbList","@id":"https:\/\/www.nardellipersiane.com\/processo-produttivo\/#breadcrumb","itemListElement":[{"@type":"ListItem","position":1,"name":"Home","item":"https:\/\/www.nardellipersiane.com\/de\/"},{"@type":"ListItem","position":2,"name":"VERARBEITUNG"}]},{"@type":"WebSite","@id":"https:\/\/www.nardellipersiane.com\/#website","url":"https:\/\/www.nardellipersiane.com\/","name":"Nardelli","description":"LO SCURO NARDELLI. VALOROSO CON BATTENTE.","publisher":{"@id":"https:\/\/www.nardellipersiane.com\/#organization"},"potentialAction":[{"@type":"SearchAction","target":{"@type":"EntryPoint","urlTemplate":"https:\/\/www.nardellipersiane.com\/?s={search_term_string}"},"query-input":{"@type":"PropertyValueSpecification","valueRequired":true,"valueName":"search_term_string"}}],"inLanguage":"de"},{"@type":"Organization","@id":"https:\/\/www.nardellipersiane.com\/#organization","name":"NARDELLI","url":"https:\/\/www.nardellipersiane.com\/","logo":{"@type":"ImageObject","inLanguage":"de","@id":"https:\/\/www.nardellipersiane.com\/#\/schema\/logo\/image\/","url":"https:\/\/www.nardellipersiane.com\/wp-content\/uploads\/2017\/07\/LOGO-NARDELLI.jpg","contentUrl":"https:\/\/www.nardellipersiane.com\/wp-content\/uploads\/2017\/07\/LOGO-NARDELLI.jpg","width":5906,"height":2139,"caption":"NARDELLI"},"image":{"@id":"https:\/\/www.nardellipersiane.com\/#\/schema\/logo\/image\/"}}]}},"_links":{"self":[{"href":"https:\/\/www.nardellipersiane.com\/de\/wp-json\/wp\/v2\/pages\/513","targetHints":{"allow":["GET"]}}],"collection":[{"href":"https:\/\/www.nardellipersiane.com\/de\/wp-json\/wp\/v2\/pages"}],"about":[{"href":"https:\/\/www.nardellipersiane.com\/de\/wp-json\/wp\/v2\/types\/page"}],"author":[{"embeddable":true,"href":"https:\/\/www.nardellipersiane.com\/de\/wp-json\/wp\/v2\/users\/1"}],"replies":[{"embeddable":true,"href":"https:\/\/www.nardellipersiane.com\/de\/wp-json\/wp\/v2\/comments?post=513"}],"version-history":[{"count":7,"href":"https:\/\/www.nardellipersiane.com\/de\/wp-json\/wp\/v2\/pages\/513\/revisions"}],"predecessor-version":[{"id":749,"href":"https:\/\/www.nardellipersiane.com\/de\/wp-json\/wp\/v2\/pages\/513\/revisions\/749"}],"wp:attachment":[{"href":"https:\/\/www.nardellipersiane.com\/de\/wp-json\/wp\/v2\/media?parent=513"}],"curies":[{"name":"wp","href":"https:\/\/api.w.org\/{rel}","templated":true}]}}