{"id":542,"date":"2017-03-11T16:05:58","date_gmt":"2017-03-11T15:05:58","guid":{"rendered":"https:\/\/www.nardellipersiane.com\/registrazione\/"},"modified":"2019-03-25T10:08:48","modified_gmt":"2019-03-25T09:08:48","slug":"registrazione","status":"publish","type":"page","link":"https:\/\/www.nardellipersiane.com\/de\/registrazione\/","title":{"rendered":"REGISTRIERUNG"},"content":{"rendered":"<div  class=\"fullwidth-content ui--section clearfix\"><div  class=\"ui--section-content\"><div class=\"container\"><div class=\"ui-row row\">\n <div   class=\"ui-column span3\"><\/div> \n\n <div   class=\"ui-column span6\"><h1 id=\"custom-title-h1-1\" class=\"ui--animation font-light\" style=\"text-align: center; margin-bottom: 0px; \">REGISTRIERUNG<\/h1><div class=\"auto-format ui--animation\"><p><center>F\u00fcllen Sie das Registrierungsformular aus, um die Formulare f\u00fcr  <br \/>\nalla <strong>Kostenvoranschl\u00e4ge<\/strong> und <strong>Bestellungen<\/strong> zu nutzen. <\/p>\n<p><strong>BESTELLFORMULAR<\/strong> <br \/>\nGeben Sie bitte Ihre Bankkoordinaten ein, wenn Sie eine Bestellung vornehmen m\u00f6chten.<\/center><\/p>\n<\/div><h1 id=\"custom-title-h1-2\" class=\"ui--animation font-light\" style=\"text-align: center; margin-top: 60px; margin-bottom: 0px; \">GEBEN SIE HIER IHRE DATEN EIN<\/h1><div class=\"ui--image-wrap clearfix text-center ui--block\" style=\"margin-top: 40px;  margin-bottom: 80px;\"><img decoding=\"async\"  id=\"ui--image-1\" class=\"ui--image ui--animation\" src=\"https:\/\/www.nardellipersiane.com\/wp-content\/uploads\/2017\/03\/arrow-down.png\" alt=\"arrow-down\" title=\"arrow-down\" data-at2x=\"\"\/><\/div><div class=\"auto-format ui--animation\"><p>        <form enctype=\"multipart\/form-data\" method=\"post\" id=\"wppb-register-user\" class=\"wppb-user-forms wppb-register-user wppb-user-logged-out\" action=\"\">\r\n\t\t\t<ul><li class=\"wppb-form-field wppb-default-first-name\" id=\"wppb-form-element-3\">\r\n\t\t\t<label for=\"first_name\">Vorname Familienname<span class=\"wppb-required\" title=\"Dieses Feld ist erforderlich\">*<\/span><\/label>\r\n\t\t\t<input class=\"text-input default_field_firstname\" name=\"first_name\" maxlength=\"70\" type=\"text\" id=\"first_name\" value=\"\"  required  placeholder=\"Vorname Familienname\" \/><\/li><li class=\"wppb-form-field wppb-default-e-mail\" id=\"wppb-form-element-8\">\r\n\t\t\t<label for=\"email\">E-mail<span class=\"wppb-required\" title=\"Dieses Feld ist erforderlich\">*<\/span><\/label>\r\n\t\t\t<input class=\"text-input default_field_email\" name=\"email\" maxlength=\"70\" type=\"email\" id=\"email\" value=\"\"  required  placeholder=\"E-mail\" \/><\/li><li class=\"wppb-form-field wppb-input\" id=\"wppb-form-element-14\">\r\n\t\t\t\t<label for=\"phone\">Telefon<span class=\"wppb-required\" title=\"Dieses Feld ist erforderlich\">*<\/span><\/label>\r\n\t\t\t\t<input class=\"extra_field_input \" name=\"phone\" maxlength=\"70\" type=\"text\" id=\"phone\" value=\"\"  required  placeholder=\"Telefon\" \/><\/li><li class=\"wppb-form-field wppb-input\" id=\"wppb-form-element-23\">\r\n\t\t\t\t<label for=\"cellulare\">Mobiltelefon<span class=\"wppb-required\" title=\"Dieses Feld ist erforderlich\">*<\/span><\/label>\r\n\t\t\t\t<input class=\"extra_field_input \" name=\"cellulare\" maxlength=\"70\" type=\"text\" id=\"cellulare\" value=\"\"  required  placeholder=\"Mobiltelefon\" \/><\/li><li class=\"wppb-form-field wppb-input\" id=\"wppb-form-element-15\">\r\n\t\t\t\t<label for=\"ragione_sociale\">Firma<span class=\"wppb-required\" title=\"Dieses Feld ist erforderlich\">*<\/span><\/label>\r\n\t\t\t\t<input class=\"extra_field_input \" name=\"ragione_sociale\" maxlength=\"70\" type=\"text\" id=\"ragione_sociale\" value=\"\"  required  placeholder=\"Firma\" \/><\/li><li class=\"wppb-form-field wppb-input\" id=\"wppb-form-element-16\">\r\n\t\t\t\t<label for=\"codice_fiscale\">Steuer-Code<span class=\"wppb-required\" title=\"Dieses Feld ist erforderlich\">*<\/span><\/label>\r\n\t\t\t\t<input class=\"extra_field_input \" name=\"codice_fiscale\" maxlength=\"70\" type=\"text\" id=\"codice_fiscale\" value=\"\"  required  placeholder=\"Steuer-Code\" \/><\/li><li class=\"wppb-form-field wppb-input\" id=\"wppb-form-element-17\">\r\n\t\t\t\t<label for=\"indirizzo_principale\">Hauptadresse<span class=\"wppb-required\" title=\"Dieses Feld ist erforderlich\">*<\/span><\/label>\r\n\t\t\t\t<input class=\"extra_field_input \" name=\"indirizzo_principale\" maxlength=\"70\" type=\"text\" id=\"indirizzo_principale\" value=\"\"  required  placeholder=\"Hauptadresse\" \/><\/li><li class=\"wppb-form-field wppb-input\" id=\"wppb-form-element-18\">\r\n\t\t\t\t<label for=\"citta\">Stadt<span class=\"wppb-required\" title=\"Dieses Feld ist erforderlich\">*<\/span><\/label>\r\n\t\t\t\t<input class=\"extra_field_input \" name=\"citta\" maxlength=\"70\" type=\"text\" id=\"citta\" value=\"\"  required  placeholder=\"Stadt\" \/><\/li><li class=\"wppb-form-field wppb-input\" id=\"wppb-form-element-19\">\r\n\t\t\t\t<label for=\"cap\">Postleitzahl<span class=\"wppb-required\" title=\"Dieses Feld ist erforderlich\">*<\/span><\/label>\r\n\t\t\t\t<input class=\"extra_field_input \" name=\"cap\" maxlength=\"70\" type=\"text\" id=\"cap\" value=\"\"  required  placeholder=\"Postleitzahl\" \/><\/li><li class=\"wppb-form-field wppb-input\" id=\"wppb-form-element-20\">\r\n\t\t\t\t<label for=\"provincia\">Provinz<\/label>\r\n\t\t\t\t<input class=\"extra_field_input \" name=\"provincia\" maxlength=\"70\" type=\"text\" id=\"provincia\" value=\"\"  placeholder=\"Provinz\" \/><\/li><li class=\"wppb-form-field wppb-default-username\" id=\"wppb-form-element-2\">\r\n\t\t\t<label for=\"username\">Username<span class=\"wppb-required\" title=\"Dieses Feld ist erforderlich\">*<\/span><\/label>\r\n\t\t\t<input class=\"text-input default_field_username\" name=\"username\" maxlength=\"70\" type=\"text\" id=\"username\" value=\"\"   required placeholder=\"Username\" \/><\/li><li class=\"wppb-form-field wppb-default-password\" id=\"wppb-form-element-12\">\r\n\t\t\t<label for=\"passw1\">Passwort<span class=\"wppb-required\" title=\"Dieses Feld ist erforderlich\">*<\/span><\/label>\r\n\t\t\t<input class=\"text-input\" name=\"passw1\" maxlength=\"70\" type=\"password\" id=\"passw1\" value=\"\" autocomplete=\"off\"  required  placeholder=\"Passwort\" \/><span class=\"wppb-description-delimiter\">Mindestl\u00e4nge: 8 Zeichen<\/span><span id=\"pass-strength-result\">St\u00e4rkeanzeige<\/span>\r\n        <input type=\"hidden\" value=\"\" name=\"wppb_password_strength\" id=\"wppb_password_strength\"\/><\/li><li class=\"wppb-form-field wppb-default-repeat-password\" id=\"wppb-form-element-13\">\r\n\t\t\t<label for=\"passw2\">Wiederhole das Passwort<span class=\"wppb-required\" title=\"Dieses Feld ist erforderlich\">*<\/span><\/label>\r\n\t\t\t<input class=\"text-input\" name=\"passw2\" maxlength=\"70\" type=\"password\" id=\"passw2\" value=\"\" autocomplete=\"off\"  required  placeholder=\"Wiederhole das Passwort\" \/><\/li><li class=\"wppb-form-field wppb-checkbox-terms-and-conditions\" id=\"wppb-form-element-21\">\r\n\t\t\t\t<label for=\"termini\">\r\n\t\t\t\t<input value=\"agree\" name=\"termini\" id=\"termini\" type=\"checkbox\" class=\"custom_field_toa\"  required   \/>Ich akzeptiere die AGB<span class=\"wppb-required\" title=\"Dieses Feld ist erforderlich\">*<\/span><\/label><span class=\"agree_to_terms\"><\/span><\/li><li class=\"wppb-form-field wppb-checkbox-terms-and-conditions\" id=\"wppb-form-element-22\">\r\n\t\t\t\t<label for=\"privacy\">\r\n\t\t\t\t<input value=\"agree\" name=\"privacy\" id=\"privacy\" type=\"checkbox\" class=\"custom_field_toa\"  required   \/>Datenschutz-Bestimmungen<span class=\"wppb-required\" title=\"Dieses Feld ist erforderlich\">*<\/span><\/label><span class=\"agree_to_terms\"><\/span><\/li><li class=\"wppb-form-field wppb-recaptcha\" id=\"wppb-form-element-24\"><label for=\"recaptcha_response_field\">Security Code<span class=\"wppb-required\" title=\"Dieses Feld ist erforderlich\">*<\/span><\/label>\r\n        <div id=\"recaptcha_pb_register0\" class=\"g-recaptcha\" data-sitekey=\"6LcLFCkUAAAAAH-G3HLU3ryXPMRUfIXhdh4QRa1N\" data-theme=\"light\" ><\/div>\r\n\t\t<\/li><\/ul><ul><\/ul>\t\t\t<p class=\"form-submit\"  >\r\n\t\t\t\t                \t\t\t\t<input name=\"register\" type=\"submit\" id=\"register\" class=\"submit button\" value=\"Registrieren\" \/>\r\n                \t\t\t\t<input name=\"action\" type=\"hidden\" id=\"action\" value=\"register\" \/>\r\n\t\t\t\t<input name=\"form_name\" type=\"hidden\" id=\"form_name\" value=\"unspecified\" \/>\r\n\t\t\t\t\t\t\t<\/p><!-- .form-submit -->\r\n\t\t\t<input type=\"hidden\" id=\"register_nonce_field\" name=\"register_nonce_field\" value=\"7fd2d30d9e\" \/><input type=\"hidden\" name=\"_wp_http_referer\" value=\"\/de\/wp-json\/wp\/v2\/pages\/542\" \/>\t\t<\/form>\r\n\t\t<\/p>\n<\/div><\/div> \n\n <div   class=\"ui-column span3\"><\/div> \n\n<\/div> \n<\/div><\/div><\/div><!-- \/.fullwidth-container -->","protected":false},"excerpt":{"rendered":"<p>REGISTRIERUNGF\u00fcllen Sie das Registrierungsformular aus, um die Formulare f\u00fcr alla Kostenvoranschl\u00e4ge und Bestellungen zu nutzen. BESTELLFORMULAR Geben Sie bitte Ihre Bankkoordinaten ein, wenn Sie eine Bestellung vornehmen m\u00f6chten. GEBEN SIE HIER IHRE DATEN EIN Vorname Familienname* E-mail* Telefon* Mobiltelefon* Firma* Steuer-Code* Hauptadresse* Stadt* Postleitzahl* Provinz Username* Passwort* Mindestl\u00e4nge: 8 ZeichenSt\u00e4rkeanzeige Wiederhole das Passwort* Ich akzeptiere [&hellip;]<\/p>\n","protected":false},"author":1,"featured_media":0,"parent":0,"menu_order":0,"comment_status":"closed","ping_status":"closed","template":"","meta":{"_monsterinsights_skip_tracking":false,"_monsterinsights_sitenote_active":false,"_monsterinsights_sitenote_note":"","_monsterinsights_sitenote_category":0,"footnotes":""},"class_list":["post-542","page","type-page","status-publish","hentry"],"yoast_head":"<!-- This site is optimized with the Yoast SEO plugin v26.2 - https:\/\/yoast.com\/wordpress\/plugins\/seo\/ -->\n<title>NARDELLI | Registrazione Area riservata<\/title>\n<meta name=\"description\" content=\"Registrati per accedere al listino prezzi Nardelli, al modulo d&#039;ordine e di preventivo. Pochi minuti per entrare in diretto contatto con il produttore.\" \/>\n<meta name=\"robots\" content=\"index, follow, max-snippet:-1, max-image-preview:large, max-video-preview:-1\" \/>\n<link rel=\"canonical\" href=\"https:\/\/www.nardellipersiane.com\/registrazione\/\" \/>\n<meta property=\"og:locale\" content=\"de_DE\" \/>\n<meta property=\"og:type\" content=\"article\" \/>\n<meta property=\"og:title\" content=\"NARDELLI | Registrazione Area riservata\" \/>\n<meta property=\"og:description\" content=\"Registrati per accedere al listino prezzi Nardelli, al modulo d&#039;ordine e di preventivo. Pochi minuti per entrare in diretto contatto con il produttore.\" \/>\n<meta property=\"og:url\" content=\"https:\/\/www.nardellipersiane.com\/registrazione\/\" \/>\n<meta property=\"og:site_name\" content=\"Nardelli\" \/>\n<meta property=\"article:modified_time\" content=\"2019-03-25T09:08:48+00:00\" \/>\n<meta name=\"twitter:card\" content=\"summary_large_image\" \/>\n<script type=\"application\/ld+json\" class=\"yoast-schema-graph\">{\"@context\":\"https:\/\/schema.org\",\"@graph\":[{\"@type\":\"WebPage\",\"@id\":\"https:\/\/www.nardellipersiane.com\/registrazione\/\",\"url\":\"https:\/\/www.nardellipersiane.com\/registrazione\/\",\"name\":\"NARDELLI | Registrazione Area riservata\",\"isPartOf\":{\"@id\":\"https:\/\/www.nardellipersiane.com\/#website\"},\"datePublished\":\"2017-03-11T15:05:58+00:00\",\"dateModified\":\"2019-03-25T09:08:48+00:00\",\"description\":\"Registrati per accedere al listino prezzi Nardelli, al modulo d'ordine e di preventivo. Pochi minuti per entrare in diretto contatto con il produttore.\",\"breadcrumb\":{\"@id\":\"https:\/\/www.nardellipersiane.com\/registrazione\/#breadcrumb\"},\"inLanguage\":\"de\",\"potentialAction\":[{\"@type\":\"ReadAction\",\"target\":[\"https:\/\/www.nardellipersiane.com\/registrazione\/\"]}]},{\"@type\":\"BreadcrumbList\",\"@id\":\"https:\/\/www.nardellipersiane.com\/registrazione\/#breadcrumb\",\"itemListElement\":[{\"@type\":\"ListItem\",\"position\":1,\"name\":\"Home\",\"item\":\"https:\/\/www.nardellipersiane.com\/de\/\"},{\"@type\":\"ListItem\",\"position\":2,\"name\":\"REGISTRIERUNG\"}]},{\"@type\":\"WebSite\",\"@id\":\"https:\/\/www.nardellipersiane.com\/#website\",\"url\":\"https:\/\/www.nardellipersiane.com\/\",\"name\":\"Nardelli\",\"description\":\"LO SCURO NARDELLI. VALOROSO CON BATTENTE.\",\"publisher\":{\"@id\":\"https:\/\/www.nardellipersiane.com\/#organization\"},\"potentialAction\":[{\"@type\":\"SearchAction\",\"target\":{\"@type\":\"EntryPoint\",\"urlTemplate\":\"https:\/\/www.nardellipersiane.com\/?s={search_term_string}\"},\"query-input\":{\"@type\":\"PropertyValueSpecification\",\"valueRequired\":true,\"valueName\":\"search_term_string\"}}],\"inLanguage\":\"de\"},{\"@type\":\"Organization\",\"@id\":\"https:\/\/www.nardellipersiane.com\/#organization\",\"name\":\"NARDELLI\",\"url\":\"https:\/\/www.nardellipersiane.com\/\",\"logo\":{\"@type\":\"ImageObject\",\"inLanguage\":\"de\",\"@id\":\"https:\/\/www.nardellipersiane.com\/#\/schema\/logo\/image\/\",\"url\":\"https:\/\/www.nardellipersiane.com\/wp-content\/uploads\/2017\/07\/LOGO-NARDELLI.jpg\",\"contentUrl\":\"https:\/\/www.nardellipersiane.com\/wp-content\/uploads\/2017\/07\/LOGO-NARDELLI.jpg\",\"width\":5906,\"height\":2139,\"caption\":\"NARDELLI\"},\"image\":{\"@id\":\"https:\/\/www.nardellipersiane.com\/#\/schema\/logo\/image\/\"}}]}<\/script>\n<!-- \/ Yoast SEO plugin. -->","yoast_head_json":{"title":"NARDELLI | Registrazione Area riservata","description":"Registrati per accedere al listino prezzi Nardelli, al modulo d'ordine e di preventivo. Pochi minuti per entrare in diretto contatto con il produttore.","robots":{"index":"index","follow":"follow","max-snippet":"max-snippet:-1","max-image-preview":"max-image-preview:large","max-video-preview":"max-video-preview:-1"},"canonical":"https:\/\/www.nardellipersiane.com\/registrazione\/","og_locale":"de_DE","og_type":"article","og_title":"NARDELLI | Registrazione Area riservata","og_description":"Registrati per accedere al listino prezzi Nardelli, al modulo d'ordine e di preventivo. Pochi minuti per entrare in diretto contatto con il produttore.","og_url":"https:\/\/www.nardellipersiane.com\/registrazione\/","og_site_name":"Nardelli","article_modified_time":"2019-03-25T09:08:48+00:00","twitter_card":"summary_large_image","schema":{"@context":"https:\/\/schema.org","@graph":[{"@type":"WebPage","@id":"https:\/\/www.nardellipersiane.com\/registrazione\/","url":"https:\/\/www.nardellipersiane.com\/registrazione\/","name":"NARDELLI | Registrazione Area riservata","isPartOf":{"@id":"https:\/\/www.nardellipersiane.com\/#website"},"datePublished":"2017-03-11T15:05:58+00:00","dateModified":"2019-03-25T09:08:48+00:00","description":"Registrati per accedere al listino prezzi Nardelli, al modulo d'ordine e di preventivo. Pochi minuti per entrare in diretto contatto con il produttore.","breadcrumb":{"@id":"https:\/\/www.nardellipersiane.com\/registrazione\/#breadcrumb"},"inLanguage":"de","potentialAction":[{"@type":"ReadAction","target":["https:\/\/www.nardellipersiane.com\/registrazione\/"]}]},{"@type":"BreadcrumbList","@id":"https:\/\/www.nardellipersiane.com\/registrazione\/#breadcrumb","itemListElement":[{"@type":"ListItem","position":1,"name":"Home","item":"https:\/\/www.nardellipersiane.com\/de\/"},{"@type":"ListItem","position":2,"name":"REGISTRIERUNG"}]},{"@type":"WebSite","@id":"https:\/\/www.nardellipersiane.com\/#website","url":"https:\/\/www.nardellipersiane.com\/","name":"Nardelli","description":"LO SCURO NARDELLI. VALOROSO CON BATTENTE.","publisher":{"@id":"https:\/\/www.nardellipersiane.com\/#organization"},"potentialAction":[{"@type":"SearchAction","target":{"@type":"EntryPoint","urlTemplate":"https:\/\/www.nardellipersiane.com\/?s={search_term_string}"},"query-input":{"@type":"PropertyValueSpecification","valueRequired":true,"valueName":"search_term_string"}}],"inLanguage":"de"},{"@type":"Organization","@id":"https:\/\/www.nardellipersiane.com\/#organization","name":"NARDELLI","url":"https:\/\/www.nardellipersiane.com\/","logo":{"@type":"ImageObject","inLanguage":"de","@id":"https:\/\/www.nardellipersiane.com\/#\/schema\/logo\/image\/","url":"https:\/\/www.nardellipersiane.com\/wp-content\/uploads\/2017\/07\/LOGO-NARDELLI.jpg","contentUrl":"https:\/\/www.nardellipersiane.com\/wp-content\/uploads\/2017\/07\/LOGO-NARDELLI.jpg","width":5906,"height":2139,"caption":"NARDELLI"},"image":{"@id":"https:\/\/www.nardellipersiane.com\/#\/schema\/logo\/image\/"}}]}},"_links":{"self":[{"href":"https:\/\/www.nardellipersiane.com\/de\/wp-json\/wp\/v2\/pages\/542","targetHints":{"allow":["GET"]}}],"collection":[{"href":"https:\/\/www.nardellipersiane.com\/de\/wp-json\/wp\/v2\/pages"}],"about":[{"href":"https:\/\/www.nardellipersiane.com\/de\/wp-json\/wp\/v2\/types\/page"}],"author":[{"embeddable":true,"href":"https:\/\/www.nardellipersiane.com\/de\/wp-json\/wp\/v2\/users\/1"}],"replies":[{"embeddable":true,"href":"https:\/\/www.nardellipersiane.com\/de\/wp-json\/wp\/v2\/comments?post=542"}],"version-history":[{"count":1,"href":"https:\/\/www.nardellipersiane.com\/de\/wp-json\/wp\/v2\/pages\/542\/revisions"}],"predecessor-version":[{"id":546,"href":"https:\/\/www.nardellipersiane.com\/de\/wp-json\/wp\/v2\/pages\/542\/revisions\/546"}],"wp:attachment":[{"href":"https:\/\/www.nardellipersiane.com\/de\/wp-json\/wp\/v2\/media?parent=542"}],"curies":[{"name":"wp","href":"https:\/\/api.w.org\/{rel}","templated":true}]}}