{"id":813,"date":"2017-02-21T16:10:09","date_gmt":"2017-02-21T15:10:09","guid":{"rendered":"https:\/\/www.nardellipersiane.com\/prodotto\/t6-persiana-legno-griglia-orientabile\/"},"modified":"2019-05-15T10:14:18","modified_gmt":"2019-05-15T08:14:18","slug":"t6-persiana-legno-griglia-orientabile","status":"publish","type":"product","link":"https:\/\/www.nardellipersiane.com\/de\/prodotto\/t6-persiana-legno-griglia-orientabile\/","title":{"rendered":"T6"},"content":{"rendered":"<h6 id=\"custom-title-h6-1\" class=\"ui--animation \" style=\"\">ZUS\u00c4TZLICHE VERARBEITUNG<\/h6><div class=\"auto-format ui--animation\"><div class=\"icone-prodotto-main\">\n<div class=\"icone-prodotto\"><a href=\"https:\/\/www.nardellipersiane.com\/wp-content\/uploads\/2019\/04\/CATALOGO-NARDELLI_TED_DESIGN.pdf\" target=\"_blank\"><img loading=\"lazy\" decoding=\"async\" src=\"https:\/\/www.nardellipersiane.com\/wp-content\/uploads\/2019\/04\/design-icon-eng-1.png\" width=\"90\" height=\"98\"><\/a><\/div>\n<div class=\"icone-prodotto\"><a href=\"https:\/\/www.nardellipersiane.com\/wp-content\/uploads\/2019\/04\/CATALOGO-NARDELLI_TED_DEKORATION.pdf\" target=\"_blank\"><img loading=\"lazy\" decoding=\"async\" src=\"https:\/\/www.nardellipersiane.com\/wp-content\/uploads\/2019\/04\/dekoration-icon-eng.png\" width=\"90\" height=\"98\"><\/a><\/div>\n<div class=\"icone-prodotto\"><a href=\"https:\/\/www.nardellipersiane.com\/wp-content\/uploads\/2019\/04\/CATALOGO-NARDELLI_TED_AUSFR\u00c4SUNG.pdf\" target=\"_blank\"><img loading=\"lazy\" decoding=\"async\" src=\"https:\/\/www.nardellipersiane.com\/wp-content\/uploads\/2019\/04\/ausfrsungen.png\" width=\"90\" height=\"98\"><\/a><\/div>\n<div class=\"icone-prodotto\"><a href=\"https:\/\/www.nardellipersiane.com\/wp-content\/uploads\/2019\/04\/CATALOGO-NARDELLI_TED_RAHMEN.pdf\" target=\"_blank\"><img loading=\"lazy\" decoding=\"async\" src=\"https:\/\/www.nardellipersiane.com\/wp-content\/uploads\/2019\/04\/rahmen.png\" width=\"90\" height=\"98\"><\/a><\/div>\n<div class=\"icone-prodotto\"><a href=\"https:\/\/www.nardellipersiane.com\/wp-content\/uploads\/2019\/04\/CATALOGO-NARDELLI_TED_AUSSTELLTEIL.pdf\" target=\"_blank\"><img loading=\"lazy\" decoding=\"async\" src=\"https:\/\/www.nardellipersiane.com\/wp-content\/uploads\/2019\/04\/austellteil-icon-eng.png\" width=\"90\" height=\"98\"><\/a><\/div>\n<\/div>\n<\/div><h6 id=\"custom-title-h6-2\" class=\"ui--animation \" style=\"\">VERF\u00dcGBARE MUSTER<\/h6><div class=\"auto-format ui--animation\"><div class=\"essenze\"><img decoding=\"async\" src=\"\/wp-content\/uploads\/2017\/02\/v01.png\"><span class=\"title\">TANNE massiv <\/span><\/div>\n<div class=\"essenze\"><img decoding=\"async\" src=\"\/wp-content\/uploads\/2017\/02\/v01.png\"><span class=\"title\">TANNE verleimt<\/span><\/div>\n<div class=\"essenze\"><img decoding=\"async\" src=\"\/wp-content\/uploads\/2017\/02\/v03.png\"><span class=\"title\">TANNE zusammengef\u00fcgt und verleimt <\/span><\/div>\n<div class=\"essenze\"><img decoding=\"async\" src=\"\/wp-content\/uploads\/2017\/05\/Pino-US.jpg\"><span class=\"title\">US-Kiefer massiv<\/span><\/div>\n<div class=\"essenze\"><img decoding=\"async\" src=\"\/wp-content\/uploads\/2017\/02\/v04.png\"><span class=\"title\">KIEFER verleimt <\/span><\/div>\n<div class=\"essenze\"><img decoding=\"async\" src=\"\/wp-content\/uploads\/2017\/02\/v06.png\"><span class=\"title\">KIEFER zusammengef\u00fcgt und verleimt <\/span><\/div>\n<div class=\"essenze\"><img decoding=\"async\" src=\"\/wp-content\/uploads\/2017\/05\/meranti.jpg\"><span class=\"title\">MERANTI-Holz verleimt<\/span><\/div>\n<div class=\"essenze\"><img decoding=\"async\" src=\"\/wp-content\/uploads\/2017\/05\/okume.jpg\"><span class=\"title\">OKOUM\u00c8 -Holz verleimt <\/span><\/div>\n<div class=\"essenze\"><img decoding=\"async\" src=\"\/wp-content\/uploads\/2017\/05\/larice.jpg\"><span class=\"title\">L\u00c4RCHE verleimt <\/span><\/div>\n<div class=\"essenze\"><img decoding=\"async\" src=\"\/wp-content\/uploads\/2017\/05\/rovere-massello.jpg\"><span class=\"title\">EICHE verleimt<\/span><\/div>\n<div class=\"clearfix\"><\/div>\n<\/div><div  class=\"fullwidth-content ui--section clearfix\"><div  class=\"ui--section-content\"><div class=\"container\"><div class=\"ui-row row\">\n <div   class=\"ui-column span3\"><a class=\"btn btn-medium btn-icon-left btn-primary no-radius ui--animation\" href=\"https:\/\/www.nardellipersiane.com\/wp-content\/uploads\/2019\/04\/CATALOGO-NARDELLI_TED_T6.pdf\" target=\"_blank\" style=\"\">TECHNISCHE BESCHREIBUNG HERUNTERLADEN<\/a><\/div> \n\n <div   class=\"ui-column span3\"><a class=\"btn btn-medium btn-icon-left btn-black no-radius ui--animation\" href=\"https:\/\/www.nardellipersiane.com\/de\/kundenbereich\/\" target=\"_blank\" style=\"\">ZUR PREISLISTE GEHEN<\/a><\/div> \n\n<\/div> \n<\/div><\/div><\/div><!-- \/.fullwidth-container -->","protected":false},"excerpt":{"rendered":"<p>ZUS\u00c4TZLICHE VERARBEITUNG VERF\u00dcGBARE MUSTERTANNE massiv TANNE verleimt TANNE zusammengef\u00fcgt und verleimt US-Kiefer massiv KIEFER verleimt KIEFER zusammengef\u00fcgt und verleimt MERANTI-Holz verleimt OKOUM\u00c8 -Holz verleimt L\u00c4RCHE verleimt EICHE verleimt TECHNISCHE BESCHREIBUNG HERUNTERLADEN ZUR PREISLISTE GEHEN<\/p>\n","protected":false},"featured_media":814,"comment_status":"open","ping_status":"closed","template":"","meta":{"_monsterinsights_skip_tracking":false,"_monsterinsights_sitenote_active":false,"_monsterinsights_sitenote_note":"","_monsterinsights_sitenote_category":0},"product_cat":[53],"product_tag":[],"class_list":{"0":"post-813","1":"product","2":"type-product","3":"status-publish","4":"has-post-thumbnail","6":"product_cat-unkategorisiert","8":"first","9":"instock","10":"shipping-taxable","11":"product-type-simple"},"yoast_head":"<!-- This site is optimized with the Yoast SEO plugin v26.2 - https:\/\/yoast.com\/wordpress\/plugins\/seo\/ -->\n<title>NARDELLI | Persiana in legno a griglia orientabile, modello T6<\/title>\n<meta name=\"description\" content=\"Stai cercando uno scuro in legno orientabile? Il modello T6 di Nardelli \u00e8 quello che cerchi. Guarda i dettagli e le essenze disponibili.\" \/>\n<meta name=\"robots\" content=\"index, follow, max-snippet:-1, max-image-preview:large, max-video-preview:-1\" \/>\n<link rel=\"canonical\" href=\"https:\/\/www.nardellipersiane.com\/prodotto\/t6-persiana-legno-griglia-orientabile\/\" \/>\n<meta property=\"og:locale\" content=\"de_DE\" \/>\n<meta property=\"og:type\" content=\"article\" \/>\n<meta property=\"og:title\" content=\"NARDELLI | Persiana in legno a griglia orientabile, modello T6\" \/>\n<meta property=\"og:description\" content=\"Stai cercando uno scuro in legno orientabile? Il modello T6 di Nardelli \u00e8 quello che cerchi. Guarda i dettagli e le essenze disponibili.\" \/>\n<meta property=\"og:url\" content=\"https:\/\/www.nardellipersiane.com\/prodotto\/t6-persiana-legno-griglia-orientabile\/\" \/>\n<meta property=\"og:site_name\" content=\"Nardelli\" \/>\n<meta property=\"article:modified_time\" content=\"2019-05-15T08:14:18+00:00\" \/>\n<meta property=\"og:image\" content=\"https:\/\/www.nardellipersiane.com\/wp-content\/uploads\/2017\/05\/T6-EST-24A_CHIUSA.png\" \/>\n\t<meta property=\"og:image:width\" content=\"400\" \/>\n\t<meta property=\"og:image:height\" content=\"670\" \/>\n\t<meta property=\"og:image:type\" content=\"image\/png\" \/>\n<meta name=\"twitter:card\" content=\"summary_large_image\" \/>\n<script type=\"application\/ld+json\" class=\"yoast-schema-graph\">{\"@context\":\"https:\/\/schema.org\",\"@graph\":[{\"@type\":\"WebPage\",\"@id\":\"https:\/\/www.nardellipersiane.com\/prodotto\/t6-persiana-legno-griglia-orientabile\/\",\"url\":\"https:\/\/www.nardellipersiane.com\/prodotto\/t6-persiana-legno-griglia-orientabile\/\",\"name\":\"NARDELLI | Persiana in legno a griglia orientabile, modello T6\",\"isPartOf\":{\"@id\":\"https:\/\/www.nardellipersiane.com\/#website\"},\"primaryImageOfPage\":{\"@id\":\"https:\/\/www.nardellipersiane.com\/prodotto\/t6-persiana-legno-griglia-orientabile\/#primaryimage\"},\"image\":{\"@id\":\"https:\/\/www.nardellipersiane.com\/prodotto\/t6-persiana-legno-griglia-orientabile\/#primaryimage\"},\"thumbnailUrl\":\"https:\/\/www.nardellipersiane.com\/wp-content\/uploads\/2017\/05\/T6-EST-24A_CHIUSA.png\",\"datePublished\":\"2017-02-21T15:10:09+00:00\",\"dateModified\":\"2019-05-15T08:14:18+00:00\",\"description\":\"Stai cercando uno scuro in legno orientabile? Il modello T6 di Nardelli \u00e8 quello che cerchi. Guarda i dettagli e le essenze disponibili.\",\"breadcrumb\":{\"@id\":\"https:\/\/www.nardellipersiane.com\/prodotto\/t6-persiana-legno-griglia-orientabile\/#breadcrumb\"},\"inLanguage\":\"de\",\"potentialAction\":[{\"@type\":\"ReadAction\",\"target\":[\"https:\/\/www.nardellipersiane.com\/prodotto\/t6-persiana-legno-griglia-orientabile\/\"]}]},{\"@type\":\"ImageObject\",\"inLanguage\":\"de\",\"@id\":\"https:\/\/www.nardellipersiane.com\/prodotto\/t6-persiana-legno-griglia-orientabile\/#primaryimage\",\"url\":\"https:\/\/www.nardellipersiane.com\/wp-content\/uploads\/2017\/05\/T6-EST-24A_CHIUSA.png\",\"contentUrl\":\"https:\/\/www.nardellipersiane.com\/wp-content\/uploads\/2017\/05\/T6-EST-24A_CHIUSA.png\",\"width\":400,\"height\":670},{\"@type\":\"BreadcrumbList\",\"@id\":\"https:\/\/www.nardellipersiane.com\/prodotto\/t6-persiana-legno-griglia-orientabile\/#breadcrumb\",\"itemListElement\":[{\"@type\":\"ListItem\",\"position\":1,\"name\":\"Home\",\"item\":\"https:\/\/www.nardellipersiane.com\/de\/\"},{\"@type\":\"ListItem\",\"position\":2,\"name\":\"Shop\",\"item\":\"https:\/\/www.nardellipersiane.com\/shop\/\"},{\"@type\":\"ListItem\",\"position\":3,\"name\":\"T6\"}]},{\"@type\":\"WebSite\",\"@id\":\"https:\/\/www.nardellipersiane.com\/#website\",\"url\":\"https:\/\/www.nardellipersiane.com\/\",\"name\":\"Nardelli\",\"description\":\"LO SCURO NARDELLI. VALOROSO CON BATTENTE.\",\"publisher\":{\"@id\":\"https:\/\/www.nardellipersiane.com\/#organization\"},\"potentialAction\":[{\"@type\":\"SearchAction\",\"target\":{\"@type\":\"EntryPoint\",\"urlTemplate\":\"https:\/\/www.nardellipersiane.com\/?s={search_term_string}\"},\"query-input\":{\"@type\":\"PropertyValueSpecification\",\"valueRequired\":true,\"valueName\":\"search_term_string\"}}],\"inLanguage\":\"de\"},{\"@type\":\"Organization\",\"@id\":\"https:\/\/www.nardellipersiane.com\/#organization\",\"name\":\"NARDELLI\",\"url\":\"https:\/\/www.nardellipersiane.com\/\",\"logo\":{\"@type\":\"ImageObject\",\"inLanguage\":\"de\",\"@id\":\"https:\/\/www.nardellipersiane.com\/#\/schema\/logo\/image\/\",\"url\":\"https:\/\/www.nardellipersiane.com\/wp-content\/uploads\/2017\/07\/LOGO-NARDELLI.jpg\",\"contentUrl\":\"https:\/\/www.nardellipersiane.com\/wp-content\/uploads\/2017\/07\/LOGO-NARDELLI.jpg\",\"width\":5906,\"height\":2139,\"caption\":\"NARDELLI\"},\"image\":{\"@id\":\"https:\/\/www.nardellipersiane.com\/#\/schema\/logo\/image\/\"}}]}<\/script>\n<!-- \/ Yoast SEO plugin. -->","yoast_head_json":{"title":"NARDELLI | Persiana in legno a griglia orientabile, modello T6","description":"Stai cercando uno scuro in legno orientabile? Il modello T6 di Nardelli \u00e8 quello che cerchi. Guarda i dettagli e le essenze disponibili.","robots":{"index":"index","follow":"follow","max-snippet":"max-snippet:-1","max-image-preview":"max-image-preview:large","max-video-preview":"max-video-preview:-1"},"canonical":"https:\/\/www.nardellipersiane.com\/prodotto\/t6-persiana-legno-griglia-orientabile\/","og_locale":"de_DE","og_type":"article","og_title":"NARDELLI | Persiana in legno a griglia orientabile, modello T6","og_description":"Stai cercando uno scuro in legno orientabile? Il modello T6 di Nardelli \u00e8 quello che cerchi. Guarda i dettagli e le essenze disponibili.","og_url":"https:\/\/www.nardellipersiane.com\/prodotto\/t6-persiana-legno-griglia-orientabile\/","og_site_name":"Nardelli","article_modified_time":"2019-05-15T08:14:18+00:00","og_image":[{"width":400,"height":670,"url":"https:\/\/www.nardellipersiane.com\/wp-content\/uploads\/2017\/05\/T6-EST-24A_CHIUSA.png","type":"image\/png"}],"twitter_card":"summary_large_image","schema":{"@context":"https:\/\/schema.org","@graph":[{"@type":"WebPage","@id":"https:\/\/www.nardellipersiane.com\/prodotto\/t6-persiana-legno-griglia-orientabile\/","url":"https:\/\/www.nardellipersiane.com\/prodotto\/t6-persiana-legno-griglia-orientabile\/","name":"NARDELLI | Persiana in legno a griglia orientabile, modello T6","isPartOf":{"@id":"https:\/\/www.nardellipersiane.com\/#website"},"primaryImageOfPage":{"@id":"https:\/\/www.nardellipersiane.com\/prodotto\/t6-persiana-legno-griglia-orientabile\/#primaryimage"},"image":{"@id":"https:\/\/www.nardellipersiane.com\/prodotto\/t6-persiana-legno-griglia-orientabile\/#primaryimage"},"thumbnailUrl":"https:\/\/www.nardellipersiane.com\/wp-content\/uploads\/2017\/05\/T6-EST-24A_CHIUSA.png","datePublished":"2017-02-21T15:10:09+00:00","dateModified":"2019-05-15T08:14:18+00:00","description":"Stai cercando uno scuro in legno orientabile? Il modello T6 di Nardelli \u00e8 quello che cerchi. Guarda i dettagli e le essenze disponibili.","breadcrumb":{"@id":"https:\/\/www.nardellipersiane.com\/prodotto\/t6-persiana-legno-griglia-orientabile\/#breadcrumb"},"inLanguage":"de","potentialAction":[{"@type":"ReadAction","target":["https:\/\/www.nardellipersiane.com\/prodotto\/t6-persiana-legno-griglia-orientabile\/"]}]},{"@type":"ImageObject","inLanguage":"de","@id":"https:\/\/www.nardellipersiane.com\/prodotto\/t6-persiana-legno-griglia-orientabile\/#primaryimage","url":"https:\/\/www.nardellipersiane.com\/wp-content\/uploads\/2017\/05\/T6-EST-24A_CHIUSA.png","contentUrl":"https:\/\/www.nardellipersiane.com\/wp-content\/uploads\/2017\/05\/T6-EST-24A_CHIUSA.png","width":400,"height":670},{"@type":"BreadcrumbList","@id":"https:\/\/www.nardellipersiane.com\/prodotto\/t6-persiana-legno-griglia-orientabile\/#breadcrumb","itemListElement":[{"@type":"ListItem","position":1,"name":"Home","item":"https:\/\/www.nardellipersiane.com\/de\/"},{"@type":"ListItem","position":2,"name":"Shop","item":"https:\/\/www.nardellipersiane.com\/shop\/"},{"@type":"ListItem","position":3,"name":"T6"}]},{"@type":"WebSite","@id":"https:\/\/www.nardellipersiane.com\/#website","url":"https:\/\/www.nardellipersiane.com\/","name":"Nardelli","description":"LO SCURO NARDELLI. VALOROSO CON BATTENTE.","publisher":{"@id":"https:\/\/www.nardellipersiane.com\/#organization"},"potentialAction":[{"@type":"SearchAction","target":{"@type":"EntryPoint","urlTemplate":"https:\/\/www.nardellipersiane.com\/?s={search_term_string}"},"query-input":{"@type":"PropertyValueSpecification","valueRequired":true,"valueName":"search_term_string"}}],"inLanguage":"de"},{"@type":"Organization","@id":"https:\/\/www.nardellipersiane.com\/#organization","name":"NARDELLI","url":"https:\/\/www.nardellipersiane.com\/","logo":{"@type":"ImageObject","inLanguage":"de","@id":"https:\/\/www.nardellipersiane.com\/#\/schema\/logo\/image\/","url":"https:\/\/www.nardellipersiane.com\/wp-content\/uploads\/2017\/07\/LOGO-NARDELLI.jpg","contentUrl":"https:\/\/www.nardellipersiane.com\/wp-content\/uploads\/2017\/07\/LOGO-NARDELLI.jpg","width":5906,"height":2139,"caption":"NARDELLI"},"image":{"@id":"https:\/\/www.nardellipersiane.com\/#\/schema\/logo\/image\/"}}]}},"_links":{"self":[{"href":"https:\/\/www.nardellipersiane.com\/de\/wp-json\/wp\/v2\/product\/813","targetHints":{"allow":["GET"]}}],"collection":[{"href":"https:\/\/www.nardellipersiane.com\/de\/wp-json\/wp\/v2\/product"}],"about":[{"href":"https:\/\/www.nardellipersiane.com\/de\/wp-json\/wp\/v2\/types\/product"}],"replies":[{"embeddable":true,"href":"https:\/\/www.nardellipersiane.com\/de\/wp-json\/wp\/v2\/comments?post=813"}],"wp:featuredmedia":[{"embeddable":true,"href":"https:\/\/www.nardellipersiane.com\/de\/wp-json\/wp\/v2\/media\/814"}],"wp:attachment":[{"href":"https:\/\/www.nardellipersiane.com\/de\/wp-json\/wp\/v2\/media?parent=813"}],"wp:term":[{"taxonomy":"product_cat","embeddable":true,"href":"https:\/\/www.nardellipersiane.com\/de\/wp-json\/wp\/v2\/product_cat?post=813"},{"taxonomy":"product_tag","embeddable":true,"href":"https:\/\/www.nardellipersiane.com\/de\/wp-json\/wp\/v2\/product_tag?post=813"}],"curies":[{"name":"wp","href":"https:\/\/api.w.org\/{rel}","templated":true}]}}